{"id":221,"date":"2020-09-04T01:12:31","date_gmt":"2020-09-04T01:12:31","guid":{"rendered":"http:\/\/adler-marina.de\/en\/?page_id=221"},"modified":"2024-08-08T14:20:57","modified_gmt":"2024-08-08T14:20:57","slug":"marina-yacht-club-2","status":"publish","type":"page","link":"https:\/\/adler-marina.de\/fr\/","title":{"rendered":"Marina Yacht Club"},"content":{"rendered":"<p>[vc_row full_width=\u00a0\u00bbstretch_row_content_no_spaces\u00a0\u00bb full_height=\u00a0\u00bbyes\u00a0\u00bb columns_placement=\u00a0\u00bbtop\u00a0\u00bb equal_height=\u00a0\u00bbyes\u00a0\u00bb content_placement=\u00a0\u00bbtop\u00a0\u00bb][vc_column][ucaddon_uc_starter_header image=\u00a0\u00bb137&Prime; subheader=\u00a0\u00bbBienvenue \u00e0 l\u2019Adler Marina ! Venez louer un voilier ou un bateau \u00e0 moteur et partez \u00e0 la d\u00e9couverte du somptueux lac Still. N\u2019h\u00e9sitez pas \u00e0 nous contacter pour de plus amples informations.\u00a0\u00bb header=\u00a0\u00bbMarina Yacht Club\u00a0\u00bb btn_text=\u00a0\u00bbCONTACTEZ UN CONSEILLER\u00a0\u00bb link=\u00a0\u00bbhttps:\/\/adler-marina.de\/fr\/agent\u00a0\u00bb uc_init_settings=\u00a0\u00bb\u00a0\u00bb uc_fonts_data=\u00a0\u00bbJTdCJTIyc3ViaGVhZGVyJTIyJTNBJTdCJTIyZm9udC1mYW1pbHklMjIlM0ElMjJQYWxhdGlubyUyMExpbm90eXBlJTJDJTIwQm9vayUyMEFudGlxdWElMkMlMjBQYWxhdGlubyUyQyUyMHNlcmlmJTIyJTJDJTIyZm9udC13ZWlnaHQlMjIlM0ElMjJCb2xkJTIyJTJDJTIyZm9udC1zaXplJTIyJTNBJTIyMzJweCUyMiUyQyUyMm1vYmlsZS1zaXplJTIyJTNBJTIyMThweCUyMiU3RCUyQyUyMmhlYWRlciUyMiUzQSU3QiUyMm1vYmlsZS1zaXplJTIyJTNBJTIyMzJweCUyMiU3RCUyQyUyMmJ0bl90ZXh0JTIyJTNBJTdCJTIyZm9udC1mYW1pbHklMjIlM0ElMjJQYWxhdGlubyUyMExpbm90eXBlJTJDJTIwQm9vayUyMEFudGlxdWElMkMlMjBQYWxhdGlubyUyQyUyMHNlcmlmJTIyJTJDJTIyZm9udC1zaXplJTIyJTNBJTIyMThweCUyMiU3RCU3RA==\u00a0\u00bb][\/vc_column][\/vc_row]<\/p>\n","protected":false},"excerpt":{"rendered":"<p>[vc_row full_width=\u00a0\u00bbstretch_row_content_no_spaces\u00a0\u00bb full_height=\u00a0\u00bbyes\u00a0\u00bb columns_placement=\u00a0\u00bbtop\u00a0\u00bb equal_height=\u00a0\u00bbyes\u00a0\u00bb content_placement=\u00a0\u00bbtop\u00a0\u00bb][vc_column][ucaddon_uc_starter_header image=\u00a0\u00bb137&Prime; subheader=\u00a0\u00bbBienvenue \u00e0 l\u2019Adler Marina ! Venez louer un voilier ou un bateau \u00e0 moteur et partez \u00e0 la d\u00e9couverte du somptueux lac Still. N\u2019h\u00e9sitez pas \u00e0 nous contacter pour de plus amples informations.\u00a0\u00bb header=\u00a0\u00bbMarina Yacht Club\u00a0\u00bb btn_text=\u00a0\u00bbCONTACTEZ UN CONSEILLER\u00a0\u00bb link=\u00a0\u00bbhttps:\/\/adler-marina.de\/fr\/agent\u00a0\u00bb uc_init_settings=\u00a0\u00bb\u00a0\u00bb uc_fonts_data=\u00a0\u00bbJTdCJTIyc3ViaGVhZGVyJTIyJTNBJTdCJTIyZm9udC1mYW1pbHklMjIlM0ElMjJQYWxhdGlubyUyMExpbm90eXBlJTJDJTIwQm9vayUyMEFudGlxdWElMkMlMjBQYWxhdGlubyUyQyUyMHNlcmlmJTIyJTJDJTIyZm9udC13ZWlnaHQlMjIlM0ElMjJCb2xkJTIyJTJDJTIyZm9udC1zaXplJTIyJTNBJTIyMzJweCUyMiUyQyUyMm1vYmlsZS1zaXplJTIyJTNBJTIyMThweCUyMiU3RCUyQyUyMmhlYWRlciUyMiUzQSU3QiUyMm1vYmlsZS1zaXplJTIyJTNBJTIyMzJweCUyMiU3RCUyQyUyMmJ0bl90ZXh0JTIyJTNBJTdCJTIyZm9udC1mYW1pbHklMjIlM0ElMjJQYWxhdGlubyUyMExpbm90eXBlJTJDJTIwQm9vayUyMEFudGlxdWElMkMlMjBQYWxhdGlubyUyQyUyMHNlcmlmJTIyJTJDJTIyZm9udC1zaXplJTIyJTNBJTIyMThweCUyMiU3RCU3RA==\u00a0\u00bb][\/vc_column][\/vc_row]<\/p>\n","protected":false},"author":1,"featured_media":0,"parent":0,"menu_order":0,"comment_status":"closed","ping_status":"closed","template":"template-page-builder.php","meta":{"footnotes":""},"class_list":["post-221","page","type-page","status-publish","hentry"],"_links":{"self":[{"href":"https:\/\/adler-marina.de\/fr\/wp-json\/wp\/v2\/pages\/221","targetHints":{"allow":["GET"]}}],"collection":[{"href":"https:\/\/adler-marina.de\/fr\/wp-json\/wp\/v2\/pages"}],"about":[{"href":"https:\/\/adler-marina.de\/fr\/wp-json\/wp\/v2\/types\/page"}],"author":[{"embeddable":true,"href":"https:\/\/adler-marina.de\/fr\/wp-json\/wp\/v2\/users\/1"}],"replies":[{"embeddable":true,"href":"https:\/\/adler-marina.de\/fr\/wp-json\/wp\/v2\/comments?post=221"}],"version-history":[{"count":9,"href":"https:\/\/adler-marina.de\/fr\/wp-json\/wp\/v2\/pages\/221\/revisions"}],"predecessor-version":[{"id":224,"href":"https:\/\/adler-marina.de\/fr\/wp-json\/wp\/v2\/pages\/221\/revisions\/224"}],"wp:attachment":[{"href":"https:\/\/adler-marina.de\/fr\/wp-json\/wp\/v2\/media?parent=221"}],"curies":[{"name":"wp","href":"https:\/\/api.w.org\/{rel}","templated":true}]}}