{"id":221,"date":"2020-09-04T01:12:31","date_gmt":"2020-09-04T01:12:31","guid":{"rendered":"http:\/\/adler-marina.de\/en\/?page_id=221"},"modified":"2024-08-08T14:20:57","modified_gmt":"2024-08-08T14:20:57","slug":"marina-yacht-club-2","status":"publish","type":"page","link":"https:\/\/adler-marina.de\/cs\/","title":{"rendered":"Marina Yacht Club"},"content":{"rendered":"<p>[vc_row full_width=&#8220;stretch_row_content_no_spaces&#8220; full_height=&#8220;yes&#8220; columns_placement=&#8220;top&#8220; equal_height=&#8220;yes&#8220; content_placement=&#8220;top&#8220;][vc_column][ucaddon_uc_starter_header image=&#8220;137&#8243; subheader=&#8220;V\u00edtejte v adlersk\u00e9 marin\u011b! Objevte klidn\u00e1 z\u00e1kout\u00ed Tich\u00e9ho jezera s na\u0161imi jachtami a motorv\u00fdmi \u010dluny. Kontaktujte n\u00e1s, r\u00e1di v\u00e1m zodpov\u00edme v\u0161echny ot\u00e1zky.&#8220; header=&#8220;Marina Yacht Club&#8220; btn_text=&#8220;CHATUJTE S AGENTEM&#8220; link=&#8220;https:\/\/adler-marina.de\/cs\/agent&#8220; uc_init_settings=&#8220;&#8220; uc_fonts_data=&#8220;JTdCJTIyc3ViaGVhZGVyJTIyJTNBJTdCJTIyZm9udC1mYW1pbHklMjIlM0ElMjJQYWxhdGlubyUyMExpbm90eXBlJTJDJTIwQm9vayUyMEFudGlxdWElMkMlMjBQYWxhdGlubyUyQyUyMHNlcmlmJTIyJTJDJTIyZm9udC13ZWlnaHQlMjIlM0ElMjJCb2xkJTIyJTJDJTIyZm9udC1zaXplJTIyJTNBJTIyMzJweCUyMiUyQyUyMm1vYmlsZS1zaXplJTIyJTNBJTIyMThweCUyMiU3RCUyQyUyMmhlYWRlciUyMiUzQSU3QiUyMm1vYmlsZS1zaXplJTIyJTNBJTIyMzJweCUyMiU3RCUyQyUyMmJ0bl90ZXh0JTIyJTNBJTdCJTIyZm9udC1mYW1pbHklMjIlM0ElMjJQYWxhdGlubyUyMExpbm90eXBlJTJDJTIwQm9vayUyMEFudGlxdWElMkMlMjBQYWxhdGlubyUyQyUyMHNlcmlmJTIyJTJDJTIyZm9udC1zaXplJTIyJTNBJTIyMThweCUyMiU3RCU3RA==&#8220;][\/vc_column][\/vc_row]<\/p>\n","protected":false},"excerpt":{"rendered":"<p>[vc_row full_width=&#8220;stretch_row_content_no_spaces&#8220; full_height=&#8220;yes&#8220; columns_placement=&#8220;top&#8220; equal_height=&#8220;yes&#8220; content_placement=&#8220;top&#8220;][vc_column][ucaddon_uc_starter_header image=&#8220;137&#8243; subheader=&#8220;V\u00edtejte v adlersk\u00e9 marin\u011b! Objevte klidn\u00e1 z\u00e1kout\u00ed Tich\u00e9ho jezera s na\u0161imi jachtami a motorv\u00fdmi \u010dluny. Kontaktujte n\u00e1s, r\u00e1di v\u00e1m zodpov\u00edme v\u0161echny ot\u00e1zky.&#8220; header=&#8220;Marina Yacht Club&#8220; btn_text=&#8220;CHATUJTE S AGENTEM&#8220; link=&#8220;https:\/\/adler-marina.de\/cs\/agent&#8220; uc_init_settings=&#8220;&#8220; uc_fonts_data=&#8220;JTdCJTIyc3ViaGVhZGVyJTIyJTNBJTdCJTIyZm9udC1mYW1pbHklMjIlM0ElMjJQYWxhdGlubyUyMExpbm90eXBlJTJDJTIwQm9vayUyMEFudGlxdWElMkMlMjBQYWxhdGlubyUyQyUyMHNlcmlmJTIyJTJDJTIyZm9udC13ZWlnaHQlMjIlM0ElMjJCb2xkJTIyJTJDJTIyZm9udC1zaXplJTIyJTNBJTIyMzJweCUyMiUyQyUyMm1vYmlsZS1zaXplJTIyJTNBJTIyMThweCUyMiU3RCUyQyUyMmhlYWRlciUyMiUzQSU3QiUyMm1vYmlsZS1zaXplJTIyJTNBJTIyMzJweCUyMiU3RCUyQyUyMmJ0bl90ZXh0JTIyJTNBJTdCJTIyZm9udC1mYW1pbHklMjIlM0ElMjJQYWxhdGlubyUyMExpbm90eXBlJTJDJTIwQm9vayUyMEFudGlxdWElMkMlMjBQYWxhdGlubyUyQyUyMHNlcmlmJTIyJTJDJTIyZm9udC1zaXplJTIyJTNBJTIyMThweCUyMiU3RCU3RA==&#8220;][\/vc_column][\/vc_row]<\/p>\n","protected":false},"author":1,"featured_media":0,"parent":0,"menu_order":0,"comment_status":"closed","ping_status":"closed","template":"template-page-builder.php","meta":{"footnotes":""},"class_list":["post-221","page","type-page","status-publish","hentry"],"_links":{"self":[{"href":"https:\/\/adler-marina.de\/cs\/wp-json\/wp\/v2\/pages\/221","targetHints":{"allow":["GET"]}}],"collection":[{"href":"https:\/\/adler-marina.de\/cs\/wp-json\/wp\/v2\/pages"}],"about":[{"href":"https:\/\/adler-marina.de\/cs\/wp-json\/wp\/v2\/types\/page"}],"author":[{"embeddable":true,"href":"https:\/\/adler-marina.de\/cs\/wp-json\/wp\/v2\/users\/1"}],"replies":[{"embeddable":true,"href":"https:\/\/adler-marina.de\/cs\/wp-json\/wp\/v2\/comments?post=221"}],"version-history":[{"count":9,"href":"https:\/\/adler-marina.de\/cs\/wp-json\/wp\/v2\/pages\/221\/revisions"}],"predecessor-version":[{"id":224,"href":"https:\/\/adler-marina.de\/cs\/wp-json\/wp\/v2\/pages\/221\/revisions\/224"}],"wp:attachment":[{"href":"https:\/\/adler-marina.de\/cs\/wp-json\/wp\/v2\/media?parent=221"}],"curies":[{"name":"wp","href":"https:\/\/api.w.org\/{rel}","templated":true}]}}