{"id":212,"date":"2020-08-31T12:10:21","date_gmt":"2020-08-31T12:10:21","guid":{"rendered":"http:\/\/adler-marina.de\/?page_id=212"},"modified":"2023-01-09T03:02:56","modified_gmt":"2023-01-09T03:02:56","slug":"agent","status":"publish","type":"page","link":"https:\/\/adler-marina.de\/cs\/agent\/","title":{"rendered":"Agent-2"},"content":{"rendered":"<p>[vc_row][ucaddon_uc_starter_header image=&#8220;137&#8243; subheader=&#8220;V\u00edtejte v adlersk\u00e9 marin\u011b! Objevte klidn\u00e1 z\u00e1kout\u00ed Tich\u00e9ho jezera s na\u0161imi jachtami a motorv\u00fdmi \u010dluny. Kontaktujte n\u00e1s, r\u00e1di v\u00e1m zodpov\u00edme v\u0161echny ot\u00e1zky.&#8220; header=&#8220;Marina Yacht Club&#8220; btn_bg=&#8220;&#8220; btn_text=&#8220;&#8220; btn_text_color=&#8220;&#8220; link=&#8220;&#8220; uc_fonts_data=&#8220;JTdCJTIyc3ViaGVhZGVyJTIyJTNBJTdCJTIyZm9udC1mYW1pbHklMjIlM0ElMjJQYWxhdGlubyUyMExpbm90eXBlJTJDJTIwQm9vayUyMEFudGlxdWElMkMlMjBQYWxhdGlubyUyQyUyMHNlcmlmJTIyJTJDJTIyZm9udC1zaXplJTIyJTNBJTIyMzJweCUyMiUyQyUyMm1vYmlsZS1zaXplJTIyJTNBJTIyMThweCUyMiU3RCUyQyUyMmJ0bl90ZXh0JTIyJTNBJTdCJTIyZm9udC1mYW1pbHklMjIlM0ElMjJQYWxhdGlubyUyMExpbm90eXBlJTJDJTIwQm9vayUyMEFudGlxdWElMkMlMjBQYWxhdGlubyUyQyUyMHNlcmlmJTIyJTJDJTIyZm9udC1zaXplJTIyJTNBJTIyMThweCUyMiU3RCU3RA==&#8220;][\/vc_row][vc_row][vc_column][vc_raw_html]JTNDc2NyaXB0JTIwc3JjJTNEJTIyaHR0cHMlM0ElMkYlMkZ3d3cuZ3N0YXRpYy5jb20lMkZkaWFsb2dmbG93LWNvbnNvbGUlMkZmYXN0JTJGbWVzc2VuZ2VyJTJGYm9vdHN0cmFwLmpzJTNGdiUzRDElMjIlM0UlM0MlMkZzY3JpcHQlM0UlMEElM0NkZi1tZXNzZW5nZXIlMEElMjAlMjBpbnRlbnQlM0QlMjJXRUxDT01FJTIyJTBBJTIwJTIwY2hhdC10aXRsZSUzRCUyMllhY2h0JTIwQ2x1YiUyMiUwQSUyMCUyMGFnZW50LWlkJTNEJTIyM2M1NjdiYzktOGZhZC00NjAyLWJiOWUtYTU4N2QzZmQ5MWQwJTIyJTBBJTIwJTIwbGFuZ3VhZ2UtY29kZSUzRCUyMmN6JTIyJTBBJTIwJTIwZXhwYW5kJTNEJTIydHJ1ZSUyMiUwQSUzRSUzQyUyRmRmLW1lc3NlbmdlciUzRQ==[\/vc_raw_html][\/vc_column][\/vc_row]<\/p>\n","protected":false},"excerpt":{"rendered":"<p>[vc_row][ucaddon_uc_starter_header image=&#8220;137&#8243; subheader=&#8220;V\u00edtejte v adlersk\u00e9 marin\u011b! Objevte klidn\u00e1 z\u00e1kout\u00ed Tich\u00e9ho jezera s na\u0161imi jachtami a motorv\u00fdmi \u010dluny. Kontaktujte n\u00e1s, r\u00e1di v\u00e1m zodpov\u00edme v\u0161echny ot\u00e1zky.&#8220; header=&#8220;Marina Yacht Club&#8220; btn_bg=&#8220;&#8220; btn_text=&#8220;&#8220; btn_text_color=&#8220;&#8220; link=&#8220;&#8220; uc_fonts_data=&#8220;JTdCJTIyc3ViaGVhZGVyJTIyJTNBJTdCJTIyZm9udC1mYW1pbHklMjIlM0ElMjJQYWxhdGlubyUyMExpbm90eXBlJTJDJTIwQm9vayUyMEFudGlxdWElMkMlMjBQYWxhdGlubyUyQyUyMHNlcmlmJTIyJTJDJTIyZm9udC1zaXplJTIyJTNBJTIyMzJweCUyMiUyQyUyMm1vYmlsZS1zaXplJTIyJTNBJTIyMThweCUyMiU3RCUyQyUyMmJ0bl90ZXh0JTIyJTNBJTdCJTIyZm9udC1mYW1pbHklMjIlM0ElMjJQYWxhdGlubyUyMExpbm90eXBlJTJDJTIwQm9vayUyMEFudGlxdWElMkMlMjBQYWxhdGlubyUyQyUyMHNlcmlmJTIyJTJDJTIyZm9udC1zaXplJTIyJTNBJTIyMThweCUyMiU3RCU3RA==&#8220;][\/vc_row][vc_row][vc_column][vc_raw_html]JTNDc2NyaXB0JTIwc3JjJTNEJTIyaHR0cHMlM0ElMkYlMkZ3d3cuZ3N0YXRpYy5jb20lMkZkaWFsb2dmbG93LWNvbnNvbGUlMkZmYXN0JTJGbWVzc2VuZ2VyJTJGYm9vdHN0cmFwLmpzJTNGdiUzRDElMjIlM0UlM0MlMkZzY3JpcHQlM0UlMEElM0NkZi1tZXNzZW5nZXIlMEElMjAlMjBpbnRlbnQlM0QlMjJXRUxDT01FJTIyJTBBJTIwJTIwY2hhdC10aXRsZSUzRCUyMllhY2h0JTIwQ2x1YiUyMiUwQSUyMCUyMGFnZW50LWlkJTNEJTIyM2M1NjdiYzktOGZhZC00NjAyLWJiOWUtYTU4N2QzZmQ5MWQwJTIyJTBBJTIwJTIwbGFuZ3VhZ2UtY29kZSUzRCUyMmN6JTIyJTBBJTIwJTIwZXhwYW5kJTNEJTIydHJ1ZSUyMiUwQSUzRSUzQyUyRmRmLW1lc3NlbmdlciUzRQ==[\/vc_raw_html][\/vc_column][\/vc_row]<\/p>\n","protected":false},"author":1,"featured_media":0,"parent":0,"menu_order":0,"comment_status":"closed","ping_status":"closed","template":"template-page-builder-no-header-footer.php","meta":{"footnotes":""},"class_list":["post-212","page","type-page","status-publish","hentry"],"_links":{"self":[{"href":"https:\/\/adler-marina.de\/cs\/wp-json\/wp\/v2\/pages\/212","targetHints":{"allow":["GET"]}}],"collection":[{"href":"https:\/\/adler-marina.de\/cs\/wp-json\/wp\/v2\/pages"}],"about":[{"href":"https:\/\/adler-marina.de\/cs\/wp-json\/wp\/v2\/types\/page"}],"author":[{"embeddable":true,"href":"https:\/\/adler-marina.de\/cs\/wp-json\/wp\/v2\/users\/1"}],"replies":[{"embeddable":true,"href":"https:\/\/adler-marina.de\/cs\/wp-json\/wp\/v2\/comments?post=212"}],"version-history":[{"count":14,"href":"https:\/\/adler-marina.de\/cs\/wp-json\/wp\/v2\/pages\/212\/revisions"}],"predecessor-version":[{"id":214,"href":"https:\/\/adler-marina.de\/cs\/wp-json\/wp\/v2\/pages\/212\/revisions\/214"}],"wp:attachment":[{"href":"https:\/\/adler-marina.de\/cs\/wp-json\/wp\/v2\/media?parent=212"}],"curies":[{"name":"wp","href":"https:\/\/api.w.org\/{rel}","templated":true}]}}